{"id":240,"date":"2023-07-28T20:09:39","date_gmt":"2023-07-28T20:09:39","guid":{"rendered":"https:\/\/sitewoo.com.br\/plasmar\/?page_id=240"},"modified":"2023-07-28T20:09:39","modified_gmt":"2023-07-28T20:09:39","slug":"coletas-entregas","status":"publish","type":"page","link":"https:\/\/sitewoo.com.br\/plasmar\/coletas-entregas\/","title":{"rendered":"Coletas\/Entregas"},"content":{"rendered":"<style type='text\/css' media='all'>#tss-container-3171515118.tss-wrapper .tss-carousel1,\r\n\t\t\t\t\t\t\t#tss-container-3171515118.tss-wrapper .tss-isotope1 .profile-img-wrapper:after,\r\n\t\t\t\t\t\t\t#tss-container-3171515118.tss-wrapper .tss-layout9 .profile-img-wrapper:after,\r\n\t\t\t\t\t\t\t#tss-container-3171515118.tss-wrapper .tss-isotope4 .profile-img-wrapper:after,\r\n\t\t\t\t\t\t\t#tss-container-3171515118.tss-wrapper .tss-carousel9 .profile-img-wrapper:after {\r\n\t\t\t\t\t\t\t\tbackground: #b3b3b3 !important;\r\n\t\t\t\t\t\t\t}#tss-container-3171515118.tss-wrapper .tss-layout10 .item-content-wrapper,\r\n\t\t\t\t\t#tss-container-3171515118.tss-wrapper .tss-isotope3 .item-content-wrapper,\r\n\t\t\t\t\t#tss-container-3171515118.tss-wrapper .tss-isotope5 .item-content-wrapper,\r\n\t\t\t\t\t#tss-container-3171515118.tss-wrapper .tss-carousel10 .item-content-wrapper{background: transparent;}#tss-container-3171515118.tss-wrapper .single-item-wrapper h3.author-name,\r\n\t\t\t\t\t\t#tss-container-3171515118.tss-wrapper .single-item-wrapper h3.author-name a{color:#b3b3b3;text-align:left;font-size:16px;}<\/style><div class='rt-container-fluid tss-wrapper ' id='tss-container-3171515118'  data-layout='layout1' data-desktop-col='2'  data-tab-col='2'  data-mobile-col='1'><div data-title='Loading ...' class='rt-row tss-layout1 tss-even '><div class='rt-col-md-6 rt-col-sm-6 rt-col-xs-12 even-grid-item tss-grid-item even-grid-item default-margin tss-img-circle'><div class=\"single-item-wrapper\"><div class=\"tss-meta-info tss-left\"><div class='profile-img-wrapper'><img alt='Coletas e visita t\u00e9cnica Grande POA' class='rt-responsive-img' src='https:\/\/sitewoo.com.br\/plasmar\/wp-content\/uploads\/2023\/07\/Plasmar-truck-150x150.png' \/><\/div><h3 class='author-name'>Coletas e visita t\u00e9cnica Grande POA<\/h3><\/div><div class=\"item-content-wrapper tss-right\"><div class='item-content'>Porto Alegre<br \/>\r\nCanoas<br \/>\r\nS\u00e3o Leopoldo<br \/>\r\nNovo Hamburgo e regi\u00e3o<br \/><br \/>\r\n\r\nColetas\/entregas ter\u00e7as-feiras<br \/>\r\nSolicitar coleta at\u00e9 as 17h da segunda-feira<\/div><\/div><\/div><\/div><div class='rt-col-md-6 rt-col-sm-6 rt-col-xs-12 even-grid-item tss-grid-item even-grid-item default-margin tss-img-circle'><div class=\"single-item-wrapper\"><div class=\"tss-meta-info tss-left\"><div class='profile-img-wrapper'><img alt='Coleta e visita t\u00e9cnica Serra Ga\u00facha' class='rt-responsive-img' src='https:\/\/sitewoo.com.br\/plasmar\/wp-content\/uploads\/2023\/07\/Plasmar-truck-150x150.png' \/><\/div><h3 class='author-name'>Coleta e visita t\u00e9cnica Serra Ga\u00facha<\/h3><\/div><div class=\"item-content-wrapper tss-right\"><div class='item-content'>Caxias do Sul<br \/>\r\nFarroupilha<br \/>\r\nFlores da Cunha<br \/><br \/>\r\n\r\nColetas e entregas todos os dias<br \/>\r\nSolicitar at\u00e9 as 15h para coletas no mesmo dia<\/div><\/div><\/div><\/div><div class='rt-col-md-6 rt-col-sm-6 rt-col-xs-12 even-grid-item tss-grid-item even-grid-item default-margin tss-img-circle'><div class=\"single-item-wrapper\"><div class=\"tss-meta-info tss-left\"><div class='profile-img-wrapper'><img alt='Coletas e visita t\u00e9cnica Vinhedos' class='rt-responsive-img' src='https:\/\/sitewoo.com.br\/plasmar\/wp-content\/uploads\/2023\/07\/Plasmar-truck-150x150.png' \/><\/div><h3 class='author-name'>Coletas e visita t\u00e9cnica Vinhedos<\/h3><\/div><div class=\"item-content-wrapper tss-right\"><div class='item-content'>Bento Gon\u00e7alves<br \/>\r\nCarlos Barbosa<br \/>\r\nGaribaldi<br \/><br \/>\r\n\r\nColetas\/entregas segundas-feiras<br \/>\r\nSolicitar coleta at\u00e9 as 12h de segunda.<br \/><br \/>\r\n\r\nLog\u00edstica express ter\u00e7as a s\u00e1bados<br \/>\r\nLog\u00edstica agilizada para mercadorias acima de 200kg<\/div><\/div><\/div><\/div><\/div><\/div>\n","protected":false},"excerpt":{"rendered":"","protected":false},"author":1,"featured_media":0,"parent":0,"menu_order":0,"comment_status":"closed","ping_status":"closed","template":"","meta":{"footnotes":""},"class_list":["post-240","page","type-page","status-publish","hentry"],"yoast_head":"<!-- This site is optimized with the Yoast SEO plugin v20.8 - https:\/\/yoast.com\/wordpress\/plugins\/seo\/ -->\n<title>Coletas\/Entregas - Plasmar Tecnologia - Nitreta\u00e7\u00e3o a Plasma - P\u00f3s Oxida\u00e7\u00e3o - Carbonitreta\u00e7\u00e3o - PVD decorativo - DLC Decorativo em Caxias do Sul<\/title>\n<meta name=\"robots\" content=\"index, follow, max-snippet:-1, max-image-preview:large, max-video-preview:-1\" \/>\n<link rel=\"canonical\" href=\"https:\/\/sitewoo.com.br\/plasmar\/coletas-entregas\/\" \/>\n<meta property=\"og:locale\" content=\"pt_BR\" \/>\n<meta property=\"og:type\" content=\"article\" \/>\n<meta property=\"og:title\" content=\"Coletas\/Entregas - Plasmar Tecnologia - Nitreta\u00e7\u00e3o a Plasma - P\u00f3s Oxida\u00e7\u00e3o - Carbonitreta\u00e7\u00e3o - PVD decorativo - DLC Decorativo em Caxias do Sul\" \/>\n<meta property=\"og:url\" content=\"https:\/\/sitewoo.com.br\/plasmar\/coletas-entregas\/\" \/>\n<meta property=\"og:site_name\" content=\"Plasmar Tecnologia - Nitreta\u00e7\u00e3o a Plasma - P\u00f3s Oxida\u00e7\u00e3o - Carbonitreta\u00e7\u00e3o - PVD decorativo - DLC Decorativo em Caxias do Sul\" \/>\n<meta property=\"og:image\" content=\"https:\/\/sitewoo.com.br\/plasmar\/wp-content\/uploads\/2023\/05\/Plasmar-logo.png\" \/>\n\t<meta property=\"og:image:width\" content=\"788\" \/>\n\t<meta property=\"og:image:height\" content=\"227\" \/>\n\t<meta property=\"og:image:type\" content=\"image\/png\" \/>\n<meta name=\"twitter:card\" content=\"summary_large_image\" \/>\n<script type=\"application\/ld+json\" class=\"yoast-schema-graph\">{\"@context\":\"https:\/\/schema.org\",\"@graph\":[{\"@type\":\"WebPage\",\"@id\":\"https:\/\/sitewoo.com.br\/plasmar\/coletas-entregas\/\",\"url\":\"https:\/\/sitewoo.com.br\/plasmar\/coletas-entregas\/\",\"name\":\"Coletas\/Entregas - Plasmar Tecnologia - Nitreta\u00e7\u00e3o a Plasma - P\u00f3s Oxida\u00e7\u00e3o - Carbonitreta\u00e7\u00e3o - PVD decorativo - DLC Decorativo em Caxias do Sul\",\"isPartOf\":{\"@id\":\"https:\/\/sitewoo.com.br\/plasmar\/#website\"},\"datePublished\":\"2023-07-28T20:09:39+00:00\",\"dateModified\":\"2023-07-28T20:09:39+00:00\",\"breadcrumb\":{\"@id\":\"https:\/\/sitewoo.com.br\/plasmar\/coletas-entregas\/#breadcrumb\"},\"inLanguage\":\"pt-BR\",\"potentialAction\":[{\"@type\":\"ReadAction\",\"target\":[\"https:\/\/sitewoo.com.br\/plasmar\/coletas-entregas\/\"]}]},{\"@type\":\"BreadcrumbList\",\"@id\":\"https:\/\/sitewoo.com.br\/plasmar\/coletas-entregas\/#breadcrumb\",\"itemListElement\":[{\"@type\":\"ListItem\",\"position\":1,\"name\":\"In\u00edcio\",\"item\":\"https:\/\/sitewoo.com.br\/plasmar\/\"},{\"@type\":\"ListItem\",\"position\":2,\"name\":\"Coletas\/Entregas\"}]},{\"@type\":\"WebSite\",\"@id\":\"https:\/\/sitewoo.com.br\/plasmar\/#website\",\"url\":\"https:\/\/sitewoo.com.br\/plasmar\/\",\"name\":\"In\u00edcio - Plasmar Tecnologia - Nitreta\u00e7\u00e3o a Plasma - P\u00f3s Oxida\u00e7\u00e3o - Carbonitreta\u00e7\u00e3o - PVD decorativo - DLC Decorativo em Caxias do Sul\",\"description\":\"Plasmar Tecnologia - Nitreta\u00e7\u00e3o  a Plasma - P\u00f3s Oxida\u00e7\u00e3o - Carbonitreta\u00e7\u00e3o - PVD decorativo - DLC Decorativo em Caxias do Sul\",\"publisher\":{\"@id\":\"https:\/\/sitewoo.com.br\/plasmar\/#organization\"},\"alternateName\":\"In\u00edcio - Plasmar Tecnologia - Nitreta\u00e7\u00e3o a Plasma - P\u00f3s Oxida\u00e7\u00e3o - Carbonitreta\u00e7\u00e3o - PVD decorativo - DLC Decorativo em Caxias do Sul\",\"potentialAction\":[{\"@type\":\"SearchAction\",\"target\":{\"@type\":\"EntryPoint\",\"urlTemplate\":\"https:\/\/sitewoo.com.br\/plasmar\/?s={search_term_string}\"},\"query-input\":\"required name=search_term_string\"}],\"inLanguage\":\"pt-BR\"},{\"@type\":\"Organization\",\"@id\":\"https:\/\/sitewoo.com.br\/plasmar\/#organization\",\"name\":\"In\u00edcio - Plasmar Tecnologia - Nitreta\u00e7\u00e3o a Plasma - P\u00f3s Oxida\u00e7\u00e3o - Carbonitreta\u00e7\u00e3o - PVD decorativo - DLC Decorativo em Caxias do Sul\",\"url\":\"https:\/\/sitewoo.com.br\/plasmar\/\",\"logo\":{\"@type\":\"ImageObject\",\"inLanguage\":\"pt-BR\",\"@id\":\"https:\/\/sitewoo.com.br\/plasmar\/#\/schema\/logo\/image\/\",\"url\":\"https:\/\/sitewoo.com.br\/plasmar\/wp-content\/uploads\/2023\/07\/Plasmar-logo.png\",\"contentUrl\":\"https:\/\/sitewoo.com.br\/plasmar\/wp-content\/uploads\/2023\/07\/Plasmar-logo.png\",\"width\":788,\"height\":227,\"caption\":\"In\u00edcio - Plasmar Tecnologia - Nitreta\u00e7\u00e3o a Plasma - P\u00f3s Oxida\u00e7\u00e3o - Carbonitreta\u00e7\u00e3o - PVD decorativo - DLC Decorativo em Caxias do Sul\"},\"image\":{\"@id\":\"https:\/\/sitewoo.com.br\/plasmar\/#\/schema\/logo\/image\/\"}}]}<\/script>\n<!-- \/ Yoast SEO plugin. -->","yoast_head_json":{"title":"Coletas\/Entregas - Plasmar Tecnologia - Nitreta\u00e7\u00e3o a Plasma - P\u00f3s Oxida\u00e7\u00e3o - Carbonitreta\u00e7\u00e3o - PVD decorativo - DLC Decorativo em Caxias do Sul","robots":{"index":"index","follow":"follow","max-snippet":"max-snippet:-1","max-image-preview":"max-image-preview:large","max-video-preview":"max-video-preview:-1"},"canonical":"https:\/\/sitewoo.com.br\/plasmar\/coletas-entregas\/","og_locale":"pt_BR","og_type":"article","og_title":"Coletas\/Entregas - Plasmar Tecnologia - Nitreta\u00e7\u00e3o a Plasma - P\u00f3s Oxida\u00e7\u00e3o - Carbonitreta\u00e7\u00e3o - PVD decorativo - DLC Decorativo em Caxias do Sul","og_url":"https:\/\/sitewoo.com.br\/plasmar\/coletas-entregas\/","og_site_name":"Plasmar Tecnologia - Nitreta\u00e7\u00e3o a Plasma - P\u00f3s Oxida\u00e7\u00e3o - Carbonitreta\u00e7\u00e3o - PVD decorativo - DLC Decorativo em Caxias do Sul","og_image":[{"width":788,"height":227,"url":"https:\/\/sitewoo.com.br\/plasmar\/wp-content\/uploads\/2023\/05\/Plasmar-logo.png","type":"image\/png"}],"twitter_card":"summary_large_image","schema":{"@context":"https:\/\/schema.org","@graph":[{"@type":"WebPage","@id":"https:\/\/sitewoo.com.br\/plasmar\/coletas-entregas\/","url":"https:\/\/sitewoo.com.br\/plasmar\/coletas-entregas\/","name":"Coletas\/Entregas - Plasmar Tecnologia - Nitreta\u00e7\u00e3o a Plasma - P\u00f3s Oxida\u00e7\u00e3o - Carbonitreta\u00e7\u00e3o - PVD decorativo - DLC Decorativo em Caxias do Sul","isPartOf":{"@id":"https:\/\/sitewoo.com.br\/plasmar\/#website"},"datePublished":"2023-07-28T20:09:39+00:00","dateModified":"2023-07-28T20:09:39+00:00","breadcrumb":{"@id":"https:\/\/sitewoo.com.br\/plasmar\/coletas-entregas\/#breadcrumb"},"inLanguage":"pt-BR","potentialAction":[{"@type":"ReadAction","target":["https:\/\/sitewoo.com.br\/plasmar\/coletas-entregas\/"]}]},{"@type":"BreadcrumbList","@id":"https:\/\/sitewoo.com.br\/plasmar\/coletas-entregas\/#breadcrumb","itemListElement":[{"@type":"ListItem","position":1,"name":"In\u00edcio","item":"https:\/\/sitewoo.com.br\/plasmar\/"},{"@type":"ListItem","position":2,"name":"Coletas\/Entregas"}]},{"@type":"WebSite","@id":"https:\/\/sitewoo.com.br\/plasmar\/#website","url":"https:\/\/sitewoo.com.br\/plasmar\/","name":"In\u00edcio - Plasmar Tecnologia - Nitreta\u00e7\u00e3o a Plasma - P\u00f3s Oxida\u00e7\u00e3o - Carbonitreta\u00e7\u00e3o - PVD decorativo - DLC Decorativo em Caxias do Sul","description":"Plasmar Tecnologia - Nitreta\u00e7\u00e3o  a Plasma - P\u00f3s Oxida\u00e7\u00e3o - Carbonitreta\u00e7\u00e3o - PVD decorativo - DLC Decorativo em Caxias do Sul","publisher":{"@id":"https:\/\/sitewoo.com.br\/plasmar\/#organization"},"alternateName":"In\u00edcio - Plasmar Tecnologia - Nitreta\u00e7\u00e3o a Plasma - P\u00f3s Oxida\u00e7\u00e3o - Carbonitreta\u00e7\u00e3o - PVD decorativo - DLC Decorativo em Caxias do Sul","potentialAction":[{"@type":"SearchAction","target":{"@type":"EntryPoint","urlTemplate":"https:\/\/sitewoo.com.br\/plasmar\/?s={search_term_string}"},"query-input":"required name=search_term_string"}],"inLanguage":"pt-BR"},{"@type":"Organization","@id":"https:\/\/sitewoo.com.br\/plasmar\/#organization","name":"In\u00edcio - Plasmar Tecnologia - Nitreta\u00e7\u00e3o a Plasma - P\u00f3s Oxida\u00e7\u00e3o - Carbonitreta\u00e7\u00e3o - PVD decorativo - DLC Decorativo em Caxias do Sul","url":"https:\/\/sitewoo.com.br\/plasmar\/","logo":{"@type":"ImageObject","inLanguage":"pt-BR","@id":"https:\/\/sitewoo.com.br\/plasmar\/#\/schema\/logo\/image\/","url":"https:\/\/sitewoo.com.br\/plasmar\/wp-content\/uploads\/2023\/07\/Plasmar-logo.png","contentUrl":"https:\/\/sitewoo.com.br\/plasmar\/wp-content\/uploads\/2023\/07\/Plasmar-logo.png","width":788,"height":227,"caption":"In\u00edcio - Plasmar Tecnologia - Nitreta\u00e7\u00e3o a Plasma - P\u00f3s Oxida\u00e7\u00e3o - Carbonitreta\u00e7\u00e3o - PVD decorativo - DLC Decorativo em Caxias do Sul"},"image":{"@id":"https:\/\/sitewoo.com.br\/plasmar\/#\/schema\/logo\/image\/"}}]}},"_links":{"self":[{"href":"https:\/\/sitewoo.com.br\/plasmar\/wp-json\/wp\/v2\/pages\/240","targetHints":{"allow":["GET"]}}],"collection":[{"href":"https:\/\/sitewoo.com.br\/plasmar\/wp-json\/wp\/v2\/pages"}],"about":[{"href":"https:\/\/sitewoo.com.br\/plasmar\/wp-json\/wp\/v2\/types\/page"}],"author":[{"embeddable":true,"href":"https:\/\/sitewoo.com.br\/plasmar\/wp-json\/wp\/v2\/users\/1"}],"replies":[{"embeddable":true,"href":"https:\/\/sitewoo.com.br\/plasmar\/wp-json\/wp\/v2\/comments?post=240"}],"version-history":[{"count":1,"href":"https:\/\/sitewoo.com.br\/plasmar\/wp-json\/wp\/v2\/pages\/240\/revisions"}],"predecessor-version":[{"id":241,"href":"https:\/\/sitewoo.com.br\/plasmar\/wp-json\/wp\/v2\/pages\/240\/revisions\/241"}],"wp:attachment":[{"href":"https:\/\/sitewoo.com.br\/plasmar\/wp-json\/wp\/v2\/media?parent=240"}],"curies":[{"name":"wp","href":"https:\/\/api.w.org\/{rel}","templated":true}]}}