{"id":128,"date":"2023-05-29T19:51:56","date_gmt":"2023-05-29T19:51:56","guid":{"rendered":"https:\/\/sitewoo.com.br\/plasmar\/?page_id=128"},"modified":"2023-05-30T13:04:52","modified_gmt":"2023-05-30T13:04:52","slug":"tecnologia","status":"publish","type":"page","link":"https:\/\/sitewoo.com.br\/plasmar\/tecnologia\/","title":{"rendered":"Tecnologia"},"content":{"rendered":"\t\t<div data-elementor-type=\"wp-page\" data-elementor-id=\"128\" class=\"elementor elementor-128\">\n\t\t\t\t\t\t\t\t\t<section class=\"elementor-section elementor-top-section elementor-element elementor-element-3f9b7a7 elementor-section-boxed elementor-section-height-default elementor-section-height-default\" data-id=\"3f9b7a7\" data-element_type=\"section\">\n\t\t\t\t\t\t<div class=\"elementor-container elementor-column-gap-default\">\n\t\t\t\t\t<div class=\"elementor-column elementor-col-100 elementor-top-column elementor-element elementor-element-1c1e451\" data-id=\"1c1e451\" data-element_type=\"column\">\n\t\t\t<div class=\"elementor-widget-wrap elementor-element-populated\">\n\t\t\t\t\t\t\t\t<div class=\"elementor-element elementor-element-2dc858d elementor-widget elementor-widget-text-editor\" data-id=\"2dc858d\" data-element_type=\"widget\" data-widget_type=\"text-editor.default\">\n\t\t\t\t<div class=\"elementor-widget-container\">\n\t\t\t<style>\/*! elementor - v3.13.3 - 22-05-2023 *\/\n.elementor-widget-text-editor.elementor-drop-cap-view-stacked .elementor-drop-cap{background-color:#69727d;color:#fff}.elementor-widget-text-editor.elementor-drop-cap-view-framed .elementor-drop-cap{color:#69727d;border:3px solid;background-color:transparent}.elementor-widget-text-editor:not(.elementor-drop-cap-view-default) .elementor-drop-cap{margin-top:8px}.elementor-widget-text-editor:not(.elementor-drop-cap-view-default) .elementor-drop-cap-letter{width:1em;height:1em}.elementor-widget-text-editor .elementor-drop-cap{float:left;text-align:center;line-height:1;font-size:50px}.elementor-widget-text-editor .elementor-drop-cap-letter{display:inline-block}<\/style>\t\t\t\t<p><span class=\"e_conteudo1\">A Plasmar Tecnologia \u00e9 especialista em tecnologias por\u00a0<strong>plasma<\/strong>, que, quando corretamente aplicadas, geram os tratamentos de superf\u00edcie mais\u00a0<strong>eficientes<\/strong>,\u00a0<strong>confi\u00e1veis<\/strong>\u00a0e\u00a0<strong>limpos<\/strong>\u00a0para o meio ambiente e a sa\u00fade humana dentre os dispon\u00edveis no mercado internacional. Tanto os\u00a0tratamentos funcionais\u00a0quanto os\u00a0revestimentos decorativos\u00a0que a empresa oferece s\u00e3o realizados com base em tecnologias a plasma.<\/span><\/p><p>Os tratamentos por plasma j\u00e1 conquistaram os\u00a0<strong>mercados europeu, estadunidense e japon\u00eas<\/strong>. No Brasil, j\u00e1 come\u00e7aram a substituir os chamados \u201cm\u00e9todos tradicionais\u201d (sal, g\u00e1s, cromo duro), al\u00e9m de despontar como\u00a0<strong>\u00fanica ou melhor op\u00e7\u00e3o\u00a0<\/strong>para determinadas pe\u00e7as, aplica\u00e7\u00f5es e materiais.<\/p>\t\t\t\t\t\t<\/div>\n\t\t\t\t<\/div>\n\t\t\t\t\t<\/div>\n\t\t<\/div>\n\t\t\t\t\t\t\t<\/div>\n\t\t<\/section>\n\t\t\t\t<section class=\"elementor-section elementor-top-section elementor-element elementor-element-3247d59 elementor-section-stretched elementor-section-boxed elementor-section-height-default elementor-section-height-default\" data-id=\"3247d59\" data-element_type=\"section\" data-settings=\"{&quot;stretch_section&quot;:&quot;section-stretched&quot;,&quot;background_background&quot;:&quot;classic&quot;}\">\n\t\t\t\t\t\t<div class=\"elementor-container elementor-column-gap-default\">\n\t\t\t\t\t<div class=\"elementor-column elementor-col-50 elementor-top-column elementor-element elementor-element-8c9860c\" data-id=\"8c9860c\" data-element_type=\"column\">\n\t\t\t<div class=\"elementor-widget-wrap elementor-element-populated\">\n\t\t\t\t\t\t\t\t<div class=\"elementor-element elementor-element-3e3f3e8 elementor-widget elementor-widget-text-editor\" data-id=\"3e3f3e8\" data-element_type=\"widget\" data-widget_type=\"text-editor.default\">\n\t\t\t\t<div class=\"elementor-widget-container\">\n\t\t\t\t\t\t\t<p><span class=\"e_conteudo1\">Quando comparados com tratamentos baseados em outras tecnologias, os processos por plasma conseguem:\u00a0<strong>melhor desempenho<\/strong>\u00a0das pe\u00e7as tratadas ou revestidas perante desgaste, fadiga, atrito, corros\u00e3o, altas temperaturas etc.;\u00a0<strong>melhor acabamento<\/strong>, sem modifica\u00e7\u00f5es indesejadas (sujeira, mudan\u00e7a nas dimens\u00f5es, rugosidade, problemas com polimento etc.); m<\/span><span class=\"e_conteudo1\">anuten\u00e7\u00e3o de um\u00a0<strong>padr\u00e3o de qualidade<\/strong>\u00a0do tratamento ou revestimento.<\/span><\/p><p>O tipo de\u00a0<strong>equipamento<\/strong>\u00a0usado tem tamb\u00e9m grande influ\u00eancia no resultado do tratamento na pe\u00e7a. Na Plasmar Tecnologia, usamos os reatores a plasma mais adequados para garantir a melhor qualidade nas pe\u00e7as dos clientes.<\/p>\t\t\t\t\t\t<\/div>\n\t\t\t\t<\/div>\n\t\t\t\t\t<\/div>\n\t\t<\/div>\n\t\t\t\t<div class=\"elementor-column elementor-col-50 elementor-top-column elementor-element elementor-element-ea41ad2\" data-id=\"ea41ad2\" data-element_type=\"column\">\n\t\t\t<div class=\"elementor-widget-wrap\">\n\t\t\t\t\t\t\t\t\t<\/div>\n\t\t<\/div>\n\t\t\t\t\t\t\t<\/div>\n\t\t<\/section>\n\t\t\t\t<section class=\"elementor-section elementor-top-section elementor-element elementor-element-85eed91 elementor-section-boxed elementor-section-height-default elementor-section-height-default\" data-id=\"85eed91\" data-element_type=\"section\">\n\t\t\t\t\t\t<div class=\"elementor-container elementor-column-gap-default\">\n\t\t\t\t\t<div class=\"elementor-column elementor-col-100 elementor-top-column elementor-element elementor-element-2e34e58\" data-id=\"2e34e58\" data-element_type=\"column\">\n\t\t\t<div class=\"elementor-widget-wrap elementor-element-populated\">\n\t\t\t\t\t\t\t\t<div class=\"elementor-element elementor-element-90baf27 elementor-widget elementor-widget-text-editor\" data-id=\"90baf27\" data-element_type=\"widget\" data-widget_type=\"text-editor.default\">\n\t\t\t\t<div class=\"elementor-widget-container\">\n\t\t\t\t\t\t\t<p>No caso da\u00a0Nitreta\u00e7\u00e3o,\u00a0P\u00f3s-oxida\u00e7\u00e3o\u00a0e Carbonitreta\u00e7\u00e3o Plasmar, a empresa possui equipamentos de\u00a0\u201c<strong>parede quente<\/strong>\u201d, tecnologia que permite um maior controle da homogeneidade e propriedades mec\u00e2nicas das camadas protetoras, atingindo uma\u00a0<strong>resist\u00eancia a impactos\u00a0<\/strong>na pe\u00e7a tratada muito superior \u00e0 conseguida em reatores de \u201cparede fria\u201d.\u00a0<\/p><p>Para os\u00a0revestimentos\u00a0decorativos\u00a0(PVD decorativo), a Plasmar Tecnologia conta com um equipamento baseado na t\u00e9cnica de\u00a0<strong>arco cat\u00f3dico<\/strong>, a qual permite depositar revestimentos com alta qualidade e ader\u00eancia.<\/p>\t\t\t\t\t\t<\/div>\n\t\t\t\t<\/div>\n\t\t\t\t\t<\/div>\n\t\t<\/div>\n\t\t\t\t\t\t\t<\/div>\n\t\t<\/section>\n\t\t\t\t<section class=\"elementor-section elementor-top-section elementor-element elementor-element-896cdad elementor-section-boxed elementor-section-height-default elementor-section-height-default elementor-invisible\" data-id=\"896cdad\" data-element_type=\"section\" data-settings=\"{&quot;animation&quot;:&quot;fadeInUp&quot;}\">\n\t\t\t\t\t\t<div class=\"elementor-container elementor-column-gap-default\">\n\t\t\t\t\t<div class=\"elementor-column elementor-col-100 elementor-top-column elementor-element elementor-element-78c5239\" data-id=\"78c5239\" data-element_type=\"column\">\n\t\t\t<div class=\"elementor-widget-wrap elementor-element-populated\">\n\t\t\t\t\t\t\t\t<div class=\"elementor-element elementor-element-4a66117 elementor-shape-rounded elementor-grid-0 e-grid-align-center elementor-widget elementor-widget-social-icons\" data-id=\"4a66117\" data-element_type=\"widget\" data-widget_type=\"social-icons.default\">\n\t\t\t\t<div class=\"elementor-widget-container\">\n\t\t\t<style>\/*! elementor - v3.13.3 - 22-05-2023 *\/\n.elementor-widget-social-icons.elementor-grid-0 .elementor-widget-container,.elementor-widget-social-icons.elementor-grid-mobile-0 .elementor-widget-container,.elementor-widget-social-icons.elementor-grid-tablet-0 .elementor-widget-container{line-height:1;font-size:0}.elementor-widget-social-icons:not(.elementor-grid-0):not(.elementor-grid-tablet-0):not(.elementor-grid-mobile-0) .elementor-grid{display:inline-grid}.elementor-widget-social-icons .elementor-grid{grid-column-gap:var(--grid-column-gap,5px);grid-row-gap:var(--grid-row-gap,5px);grid-template-columns:var(--grid-template-columns);justify-content:var(--justify-content,center);justify-items:var(--justify-content,center)}.elementor-icon.elementor-social-icon{font-size:var(--icon-size,25px);line-height:var(--icon-size,25px);width:calc(var(--icon-size, 25px) + (2 * var(--icon-padding, .5em)));height:calc(var(--icon-size, 25px) + (2 * var(--icon-padding, .5em)))}.elementor-social-icon{--e-social-icon-icon-color:#fff;display:inline-flex;background-color:#69727d;align-items:center;justify-content:center;text-align:center;cursor:pointer}.elementor-social-icon i{color:var(--e-social-icon-icon-color)}.elementor-social-icon svg{fill:var(--e-social-icon-icon-color)}.elementor-social-icon:last-child{margin:0}.elementor-social-icon:hover{opacity:.9;color:#fff}.elementor-social-icon-android{background-color:#a4c639}.elementor-social-icon-apple{background-color:#999}.elementor-social-icon-behance{background-color:#1769ff}.elementor-social-icon-bitbucket{background-color:#205081}.elementor-social-icon-codepen{background-color:#000}.elementor-social-icon-delicious{background-color:#39f}.elementor-social-icon-deviantart{background-color:#05cc47}.elementor-social-icon-digg{background-color:#005be2}.elementor-social-icon-dribbble{background-color:#ea4c89}.elementor-social-icon-elementor{background-color:#d30c5c}.elementor-social-icon-envelope{background-color:#ea4335}.elementor-social-icon-facebook,.elementor-social-icon-facebook-f{background-color:#3b5998}.elementor-social-icon-flickr{background-color:#0063dc}.elementor-social-icon-foursquare{background-color:#2d5be3}.elementor-social-icon-free-code-camp,.elementor-social-icon-freecodecamp{background-color:#006400}.elementor-social-icon-github{background-color:#333}.elementor-social-icon-gitlab{background-color:#e24329}.elementor-social-icon-globe{background-color:#69727d}.elementor-social-icon-google-plus,.elementor-social-icon-google-plus-g{background-color:#dd4b39}.elementor-social-icon-houzz{background-color:#7ac142}.elementor-social-icon-instagram{background-color:#262626}.elementor-social-icon-jsfiddle{background-color:#487aa2}.elementor-social-icon-link{background-color:#818a91}.elementor-social-icon-linkedin,.elementor-social-icon-linkedin-in{background-color:#0077b5}.elementor-social-icon-medium{background-color:#00ab6b}.elementor-social-icon-meetup{background-color:#ec1c40}.elementor-social-icon-mixcloud{background-color:#273a4b}.elementor-social-icon-odnoklassniki{background-color:#f4731c}.elementor-social-icon-pinterest{background-color:#bd081c}.elementor-social-icon-product-hunt{background-color:#da552f}.elementor-social-icon-reddit{background-color:#ff4500}.elementor-social-icon-rss{background-color:#f26522}.elementor-social-icon-shopping-cart{background-color:#4caf50}.elementor-social-icon-skype{background-color:#00aff0}.elementor-social-icon-slideshare{background-color:#0077b5}.elementor-social-icon-snapchat{background-color:#fffc00}.elementor-social-icon-soundcloud{background-color:#f80}.elementor-social-icon-spotify{background-color:#2ebd59}.elementor-social-icon-stack-overflow{background-color:#fe7a15}.elementor-social-icon-steam{background-color:#00adee}.elementor-social-icon-stumbleupon{background-color:#eb4924}.elementor-social-icon-telegram{background-color:#2ca5e0}.elementor-social-icon-thumb-tack{background-color:#1aa1d8}.elementor-social-icon-tripadvisor{background-color:#589442}.elementor-social-icon-tumblr{background-color:#35465c}.elementor-social-icon-twitch{background-color:#6441a5}.elementor-social-icon-twitter{background-color:#1da1f2}.elementor-social-icon-viber{background-color:#665cac}.elementor-social-icon-vimeo{background-color:#1ab7ea}.elementor-social-icon-vk{background-color:#45668e}.elementor-social-icon-weibo{background-color:#dd2430}.elementor-social-icon-weixin{background-color:#31a918}.elementor-social-icon-whatsapp{background-color:#25d366}.elementor-social-icon-wordpress{background-color:#21759b}.elementor-social-icon-xing{background-color:#026466}.elementor-social-icon-yelp{background-color:#af0606}.elementor-social-icon-youtube{background-color:#cd201f}.elementor-social-icon-500px{background-color:#0099e5}.elementor-shape-rounded .elementor-icon.elementor-social-icon{border-radius:10%}.elementor-shape-circle .elementor-icon.elementor-social-icon{border-radius:50%}<\/style>\t\t<div class=\"elementor-social-icons-wrapper elementor-grid\">\n\t\t\t\t\t\t\t<span class=\"elementor-grid-item\">\n\t\t\t\t\t<a class=\"elementor-icon elementor-social-icon elementor-social-icon-facebook elementor-animation-float elementor-repeater-item-eb04d10\" href=\"https:\/\/www.facebook.com\/www.plasmartecnologia.com.br\" target=\"_blank\">\n\t\t\t\t\t\t<span class=\"elementor-screen-only\">Facebook<\/span>\n\t\t\t\t\t\t<i class=\"fab fa-facebook\"><\/i>\t\t\t\t\t<\/a>\n\t\t\t\t<\/span>\n\t\t\t\t\t\t\t<span class=\"elementor-grid-item\">\n\t\t\t\t\t<a class=\"elementor-icon elementor-social-icon elementor-social-icon-instagram elementor-animation-float elementor-repeater-item-2181a15\" href=\"https:\/\/www.instagram.com\/plasmartecnologia\/\" target=\"_blank\">\n\t\t\t\t\t\t<span class=\"elementor-screen-only\">Instagram<\/span>\n\t\t\t\t\t\t<i class=\"fab fa-instagram\"><\/i>\t\t\t\t\t<\/a>\n\t\t\t\t<\/span>\n\t\t\t\t\t\t\t<span class=\"elementor-grid-item\">\n\t\t\t\t\t<a class=\"elementor-icon elementor-social-icon elementor-social-icon-linkedin elementor-animation-float elementor-repeater-item-201c788\" href=\"https:\/\/www.linkedin.com\/company\/plasmar-tecnologia\/\" target=\"_blank\">\n\t\t\t\t\t\t<span class=\"elementor-screen-only\">Linkedin<\/span>\n\t\t\t\t\t\t<i class=\"fab fa-linkedin\"><\/i>\t\t\t\t\t<\/a>\n\t\t\t\t<\/span>\n\t\t\t\t\t<\/div>\n\t\t\t\t<\/div>\n\t\t\t\t<\/div>\n\t\t\t\t\t<\/div>\n\t\t<\/div>\n\t\t\t\t\t\t\t<\/div>\n\t\t<\/section>\n\t\t\t\t\t\t\t<\/div>\n\t\t","protected":false},"excerpt":{"rendered":"<p>A Plasmar Tecnologia \u00e9 especialista em tecnologias por\u00a0plasma, que, quando corretamente aplicadas, geram os tratamentos de superf\u00edcie mais\u00a0eficientes,\u00a0confi\u00e1veis\u00a0e\u00a0limpos\u00a0para o meio &hellip; <a class=\"kt-excerpt-readmore more-link\" href=\"https:\/\/sitewoo.com.br\/plasmar\/tecnologia\/\">Read More<\/a><\/p>\n","protected":false},"author":1,"featured_media":0,"parent":0,"menu_order":0,"comment_status":"closed","ping_status":"closed","template":"","meta":{"footnotes":""},"class_list":["post-128","page","type-page","status-publish","hentry"],"yoast_head":"<!-- This site is optimized with the Yoast SEO plugin v20.8 - https:\/\/yoast.com\/wordpress\/plugins\/seo\/ -->\n<title>Tecnologia - Plasmar Tecnologia - Nitreta\u00e7\u00e3o a Plasma - P\u00f3s Oxida\u00e7\u00e3o - Carbonitreta\u00e7\u00e3o - PVD decorativo - DLC Decorativo em Caxias do Sul<\/title>\n<meta name=\"robots\" content=\"index, follow, max-snippet:-1, max-image-preview:large, max-video-preview:-1\" \/>\n<link rel=\"canonical\" href=\"https:\/\/sitewoo.com.br\/plasmar\/tecnologia\/\" \/>\n<meta property=\"og:locale\" content=\"pt_BR\" \/>\n<meta property=\"og:type\" content=\"article\" \/>\n<meta property=\"og:title\" content=\"Tecnologia - Plasmar Tecnologia - Nitreta\u00e7\u00e3o a Plasma - P\u00f3s Oxida\u00e7\u00e3o - Carbonitreta\u00e7\u00e3o - PVD decorativo - DLC Decorativo em Caxias do Sul\" \/>\n<meta property=\"og:description\" content=\"A Plasmar Tecnologia \u00e9 especialista em tecnologias por\u00a0plasma, que, quando corretamente aplicadas, geram os tratamentos de superf\u00edcie mais\u00a0eficientes,\u00a0confi\u00e1veis\u00a0e\u00a0limpos\u00a0para o meio &hellip; Read More\" \/>\n<meta property=\"og:url\" content=\"https:\/\/sitewoo.com.br\/plasmar\/tecnologia\/\" \/>\n<meta property=\"og:site_name\" content=\"Plasmar Tecnologia - Nitreta\u00e7\u00e3o a Plasma - P\u00f3s Oxida\u00e7\u00e3o - Carbonitreta\u00e7\u00e3o - PVD decorativo - DLC Decorativo em Caxias do Sul\" \/>\n<meta property=\"article:modified_time\" content=\"2023-05-30T13:04:52+00:00\" \/>\n<meta property=\"og:image\" content=\"https:\/\/sitewoo.com.br\/plasmar\/wp-content\/uploads\/2023\/05\/Plasmar-logo.png\" \/>\n\t<meta property=\"og:image:width\" content=\"788\" \/>\n\t<meta property=\"og:image:height\" content=\"227\" \/>\n\t<meta property=\"og:image:type\" content=\"image\/png\" \/>\n<meta name=\"twitter:card\" content=\"summary_large_image\" \/>\n<meta name=\"twitter:label1\" content=\"Est. tempo de leitura\" \/>\n\t<meta name=\"twitter:data1\" content=\"2 minutos\" \/>\n<script type=\"application\/ld+json\" class=\"yoast-schema-graph\">{\"@context\":\"https:\/\/schema.org\",\"@graph\":[{\"@type\":\"WebPage\",\"@id\":\"https:\/\/sitewoo.com.br\/plasmar\/tecnologia\/\",\"url\":\"https:\/\/sitewoo.com.br\/plasmar\/tecnologia\/\",\"name\":\"Tecnologia - Plasmar Tecnologia - Nitreta\u00e7\u00e3o a Plasma - P\u00f3s Oxida\u00e7\u00e3o - Carbonitreta\u00e7\u00e3o - PVD decorativo - DLC Decorativo em Caxias do Sul\",\"isPartOf\":{\"@id\":\"https:\/\/sitewoo.com.br\/plasmar\/#website\"},\"datePublished\":\"2023-05-29T19:51:56+00:00\",\"dateModified\":\"2023-05-30T13:04:52+00:00\",\"breadcrumb\":{\"@id\":\"https:\/\/sitewoo.com.br\/plasmar\/tecnologia\/#breadcrumb\"},\"inLanguage\":\"pt-BR\",\"potentialAction\":[{\"@type\":\"ReadAction\",\"target\":[\"https:\/\/sitewoo.com.br\/plasmar\/tecnologia\/\"]}]},{\"@type\":\"BreadcrumbList\",\"@id\":\"https:\/\/sitewoo.com.br\/plasmar\/tecnologia\/#breadcrumb\",\"itemListElement\":[{\"@type\":\"ListItem\",\"position\":1,\"name\":\"In\u00edcio\",\"item\":\"https:\/\/sitewoo.com.br\/plasmar\/\"},{\"@type\":\"ListItem\",\"position\":2,\"name\":\"Tecnologia\"}]},{\"@type\":\"WebSite\",\"@id\":\"https:\/\/sitewoo.com.br\/plasmar\/#website\",\"url\":\"https:\/\/sitewoo.com.br\/plasmar\/\",\"name\":\"In\u00edcio - Plasmar Tecnologia - Nitreta\u00e7\u00e3o a Plasma - P\u00f3s Oxida\u00e7\u00e3o - Carbonitreta\u00e7\u00e3o - PVD decorativo - DLC Decorativo em Caxias do Sul\",\"description\":\"Plasmar Tecnologia - Nitreta\u00e7\u00e3o  a Plasma - P\u00f3s Oxida\u00e7\u00e3o - Carbonitreta\u00e7\u00e3o - PVD decorativo - DLC Decorativo em Caxias do Sul\",\"publisher\":{\"@id\":\"https:\/\/sitewoo.com.br\/plasmar\/#organization\"},\"alternateName\":\"In\u00edcio - Plasmar Tecnologia - Nitreta\u00e7\u00e3o a Plasma - P\u00f3s Oxida\u00e7\u00e3o - Carbonitreta\u00e7\u00e3o - PVD decorativo - DLC Decorativo em Caxias do Sul\",\"potentialAction\":[{\"@type\":\"SearchAction\",\"target\":{\"@type\":\"EntryPoint\",\"urlTemplate\":\"https:\/\/sitewoo.com.br\/plasmar\/?s={search_term_string}\"},\"query-input\":\"required name=search_term_string\"}],\"inLanguage\":\"pt-BR\"},{\"@type\":\"Organization\",\"@id\":\"https:\/\/sitewoo.com.br\/plasmar\/#organization\",\"name\":\"In\u00edcio - Plasmar Tecnologia - Nitreta\u00e7\u00e3o a Plasma - P\u00f3s Oxida\u00e7\u00e3o - Carbonitreta\u00e7\u00e3o - PVD decorativo - DLC Decorativo em Caxias do Sul\",\"url\":\"https:\/\/sitewoo.com.br\/plasmar\/\",\"logo\":{\"@type\":\"ImageObject\",\"inLanguage\":\"pt-BR\",\"@id\":\"https:\/\/sitewoo.com.br\/plasmar\/#\/schema\/logo\/image\/\",\"url\":\"https:\/\/sitewoo.com.br\/plasmar\/wp-content\/uploads\/2023\/07\/Plasmar-logo.png\",\"contentUrl\":\"https:\/\/sitewoo.com.br\/plasmar\/wp-content\/uploads\/2023\/07\/Plasmar-logo.png\",\"width\":788,\"height\":227,\"caption\":\"In\u00edcio - Plasmar Tecnologia - Nitreta\u00e7\u00e3o a Plasma - P\u00f3s Oxida\u00e7\u00e3o - Carbonitreta\u00e7\u00e3o - PVD decorativo - DLC Decorativo em Caxias do Sul\"},\"image\":{\"@id\":\"https:\/\/sitewoo.com.br\/plasmar\/#\/schema\/logo\/image\/\"}}]}<\/script>\n<!-- \/ Yoast SEO plugin. -->","yoast_head_json":{"title":"Tecnologia - Plasmar Tecnologia - Nitreta\u00e7\u00e3o a Plasma - P\u00f3s Oxida\u00e7\u00e3o - Carbonitreta\u00e7\u00e3o - PVD decorativo - DLC Decorativo em Caxias do Sul","robots":{"index":"index","follow":"follow","max-snippet":"max-snippet:-1","max-image-preview":"max-image-preview:large","max-video-preview":"max-video-preview:-1"},"canonical":"https:\/\/sitewoo.com.br\/plasmar\/tecnologia\/","og_locale":"pt_BR","og_type":"article","og_title":"Tecnologia - Plasmar Tecnologia - Nitreta\u00e7\u00e3o a Plasma - P\u00f3s Oxida\u00e7\u00e3o - Carbonitreta\u00e7\u00e3o - PVD decorativo - DLC Decorativo em Caxias do Sul","og_description":"A Plasmar Tecnologia \u00e9 especialista em tecnologias por\u00a0plasma, que, quando corretamente aplicadas, geram os tratamentos de superf\u00edcie mais\u00a0eficientes,\u00a0confi\u00e1veis\u00a0e\u00a0limpos\u00a0para o meio &hellip; Read More","og_url":"https:\/\/sitewoo.com.br\/plasmar\/tecnologia\/","og_site_name":"Plasmar Tecnologia - Nitreta\u00e7\u00e3o a Plasma - P\u00f3s Oxida\u00e7\u00e3o - Carbonitreta\u00e7\u00e3o - PVD decorativo - DLC Decorativo em Caxias do Sul","article_modified_time":"2023-05-30T13:04:52+00:00","og_image":[{"width":788,"height":227,"url":"https:\/\/sitewoo.com.br\/plasmar\/wp-content\/uploads\/2023\/05\/Plasmar-logo.png","type":"image\/png"}],"twitter_card":"summary_large_image","twitter_misc":{"Est. tempo de leitura":"2 minutos"},"schema":{"@context":"https:\/\/schema.org","@graph":[{"@type":"WebPage","@id":"https:\/\/sitewoo.com.br\/plasmar\/tecnologia\/","url":"https:\/\/sitewoo.com.br\/plasmar\/tecnologia\/","name":"Tecnologia - Plasmar Tecnologia - Nitreta\u00e7\u00e3o a Plasma - P\u00f3s Oxida\u00e7\u00e3o - Carbonitreta\u00e7\u00e3o - PVD decorativo - DLC Decorativo em Caxias do Sul","isPartOf":{"@id":"https:\/\/sitewoo.com.br\/plasmar\/#website"},"datePublished":"2023-05-29T19:51:56+00:00","dateModified":"2023-05-30T13:04:52+00:00","breadcrumb":{"@id":"https:\/\/sitewoo.com.br\/plasmar\/tecnologia\/#breadcrumb"},"inLanguage":"pt-BR","potentialAction":[{"@type":"ReadAction","target":["https:\/\/sitewoo.com.br\/plasmar\/tecnologia\/"]}]},{"@type":"BreadcrumbList","@id":"https:\/\/sitewoo.com.br\/plasmar\/tecnologia\/#breadcrumb","itemListElement":[{"@type":"ListItem","position":1,"name":"In\u00edcio","item":"https:\/\/sitewoo.com.br\/plasmar\/"},{"@type":"ListItem","position":2,"name":"Tecnologia"}]},{"@type":"WebSite","@id":"https:\/\/sitewoo.com.br\/plasmar\/#website","url":"https:\/\/sitewoo.com.br\/plasmar\/","name":"In\u00edcio - Plasmar Tecnologia - Nitreta\u00e7\u00e3o a Plasma - P\u00f3s Oxida\u00e7\u00e3o - Carbonitreta\u00e7\u00e3o - PVD decorativo - DLC Decorativo em Caxias do Sul","description":"Plasmar Tecnologia - Nitreta\u00e7\u00e3o  a Plasma - P\u00f3s Oxida\u00e7\u00e3o - Carbonitreta\u00e7\u00e3o - PVD decorativo - DLC Decorativo em Caxias do Sul","publisher":{"@id":"https:\/\/sitewoo.com.br\/plasmar\/#organization"},"alternateName":"In\u00edcio - Plasmar Tecnologia - Nitreta\u00e7\u00e3o a Plasma - P\u00f3s Oxida\u00e7\u00e3o - Carbonitreta\u00e7\u00e3o - PVD decorativo - DLC Decorativo em Caxias do Sul","potentialAction":[{"@type":"SearchAction","target":{"@type":"EntryPoint","urlTemplate":"https:\/\/sitewoo.com.br\/plasmar\/?s={search_term_string}"},"query-input":"required name=search_term_string"}],"inLanguage":"pt-BR"},{"@type":"Organization","@id":"https:\/\/sitewoo.com.br\/plasmar\/#organization","name":"In\u00edcio - Plasmar Tecnologia - Nitreta\u00e7\u00e3o a Plasma - P\u00f3s Oxida\u00e7\u00e3o - Carbonitreta\u00e7\u00e3o - PVD decorativo - DLC Decorativo em Caxias do Sul","url":"https:\/\/sitewoo.com.br\/plasmar\/","logo":{"@type":"ImageObject","inLanguage":"pt-BR","@id":"https:\/\/sitewoo.com.br\/plasmar\/#\/schema\/logo\/image\/","url":"https:\/\/sitewoo.com.br\/plasmar\/wp-content\/uploads\/2023\/07\/Plasmar-logo.png","contentUrl":"https:\/\/sitewoo.com.br\/plasmar\/wp-content\/uploads\/2023\/07\/Plasmar-logo.png","width":788,"height":227,"caption":"In\u00edcio - Plasmar Tecnologia - Nitreta\u00e7\u00e3o a Plasma - P\u00f3s Oxida\u00e7\u00e3o - Carbonitreta\u00e7\u00e3o - PVD decorativo - DLC Decorativo em Caxias do Sul"},"image":{"@id":"https:\/\/sitewoo.com.br\/plasmar\/#\/schema\/logo\/image\/"}}]}},"_links":{"self":[{"href":"https:\/\/sitewoo.com.br\/plasmar\/wp-json\/wp\/v2\/pages\/128","targetHints":{"allow":["GET"]}}],"collection":[{"href":"https:\/\/sitewoo.com.br\/plasmar\/wp-json\/wp\/v2\/pages"}],"about":[{"href":"https:\/\/sitewoo.com.br\/plasmar\/wp-json\/wp\/v2\/types\/page"}],"author":[{"embeddable":true,"href":"https:\/\/sitewoo.com.br\/plasmar\/wp-json\/wp\/v2\/users\/1"}],"replies":[{"embeddable":true,"href":"https:\/\/sitewoo.com.br\/plasmar\/wp-json\/wp\/v2\/comments?post=128"}],"version-history":[{"count":7,"href":"https:\/\/sitewoo.com.br\/plasmar\/wp-json\/wp\/v2\/pages\/128\/revisions"}],"predecessor-version":[{"id":177,"href":"https:\/\/sitewoo.com.br\/plasmar\/wp-json\/wp\/v2\/pages\/128\/revisions\/177"}],"wp:attachment":[{"href":"https:\/\/sitewoo.com.br\/plasmar\/wp-json\/wp\/v2\/media?parent=128"}],"curies":[{"name":"wp","href":"https:\/\/api.w.org\/{rel}","templated":true}]}}